{"id":196,"date":"2020-12-21T06:39:31","date_gmt":"2020-12-21T05:39:31","guid":{"rendered":"https:\/\/rt210.de\/?page_id=196"},"modified":"2024-03-25T14:44:02","modified_gmt":"2024-03-25T13:44:02","slug":"foerderverein","status":"publish","type":"page","link":"https:\/\/rt210.de\/?page_id=196","title":{"rendered":"Unser F\u00f6rderverein"},"content":{"rendered":"\n<h2 class=\"wp-block-heading\"><strong>&#8222;Freunde von Round Table Jena e.V.&#8220;<\/strong><\/h2>\n\n\n\n<p class=\"has-normal-font-size\"><strong>Zwecke des Vereins:<\/strong><\/p>\n\n\n\n<p style=\"font-size:14px\">die F\u00f6rderung der \u00f6ffentlichen Gesundheitspflege<br>die F\u00f6rderung der Jugendpflege und der Jugendf\u00fcrsorge<br>die F\u00f6rderung der Erziehung, der Volks und der Berufsbildung einschlie\u00dflich der Studentenhilfe<br>die F\u00f6rderung der Kunst und der Kultur<br>die F\u00f6rderung mildt\u00e4tiger Zwecke<\/p>\n\n\n\n<p class=\"has-normal-font-size\"><strong>Der Vorstand:<\/strong><\/p>\n\n\n\n<p style=\"font-size:14px\">1. Vorsitzender: Benjamin Majonek<br>2. Vorsitzender: Marko Herrmann<br><br>Schatzmeister: Matthias Fischer<br>stellv. Schatzmeister: Ralf Weinaug<\/p>\n\n\n\n<p class=\"has-normal-font-size\"><strong>Die Mitglieder:<\/strong><\/p>\n\n\n\n<p style=\"font-size:14px\">Die Mitglieder des Round Table 210 Jena und der Old Tablers 210 Jena sind zugleich Mitglieder im Verein &#8222;Freunde von Round Table Jena e.V.&#8220;.<\/p>\n\n\n\n<p><strong>Anschrift:<\/strong><\/p>\n\n\n\n<p style=\"font-size:14px\">Verein &#8222;Freunde von Round Table Jena e.V.&#8220;<br>c\/o Marko Herrmann<br>D\u00f6bereinerstra\u00dfe 86<br>07745 Jena<\/p>\n\n\n\n<p><strong>Bankverbindung:<\/strong><\/p>\n\n\n\n<p style=\"font-size:14px\">MERKUR PRIVATBANK KGaA<br>IBAN: DE20 7013 0800 0006 6242 27<br>BIC: GENODEF1M06<\/p>\n\n\n\n<p style=\"font-size:14px\">Vereinsregister Jena VR 231018<br>Steuernummer 162\/141\/22018<\/p>\n","protected":false},"excerpt":{"rendered":"<p>&#8222;Freunde von Round Table Jena e.V.&#8220; Zwecke des Vereins: die F\u00f6rderung der \u00f6ffentlichen Gesundheitspflegedie F\u00f6rderung der Jugendpflege und der Jugendf\u00fcrsorgedie F\u00f6rderung der Erziehung, der Volks und der Berufsbildung einschlie\u00dflich der Studentenhilfedie F\u00f6rderung der Kunst und der Kulturdie F\u00f6rderung mildt\u00e4tiger Zwecke Der Vorstand: 1. Vorsitzender: Benjamin Majonek2. Vorsitzender: Marko Herrmann Schatzmeister: [&hellip;]<\/p>\n","protected":false},"author":5,"featured_media":0,"parent":0,"menu_order":0,"comment_status":"closed","ping_status":"closed","template":"","meta":{"footnotes":""},"class_list":["post-196","page","type-page","status-publish","hentry"],"_links":{"self":[{"href":"https:\/\/rt210.de\/index.php?rest_route=\/wp\/v2\/pages\/196","targetHints":{"allow":["GET"]}}],"collection":[{"href":"https:\/\/rt210.de\/index.php?rest_route=\/wp\/v2\/pages"}],"about":[{"href":"https:\/\/rt210.de\/index.php?rest_route=\/wp\/v2\/types\/page"}],"author":[{"embeddable":true,"href":"https:\/\/rt210.de\/index.php?rest_route=\/wp\/v2\/users\/5"}],"replies":[{"embeddable":true,"href":"https:\/\/rt210.de\/index.php?rest_route=%2Fwp%2Fv2%2Fcomments&post=196"}],"version-history":[{"count":5,"href":"https:\/\/rt210.de\/index.php?rest_route=\/wp\/v2\/pages\/196\/revisions"}],"predecessor-version":[{"id":292,"href":"https:\/\/rt210.de\/index.php?rest_route=\/wp\/v2\/pages\/196\/revisions\/292"}],"wp:attachment":[{"href":"https:\/\/rt210.de\/index.php?rest_route=%2Fwp%2Fv2%2Fmedia&parent=196"}],"curies":[{"name":"wp","href":"https:\/\/api.w.org\/{rel}","templated":true}]}}