{"id":18,"date":"2019-11-26T22:15:20","date_gmt":"2019-11-26T21:15:20","guid":{"rendered":"https:\/\/rt210.de\/?page_id=18"},"modified":"2023-10-17T20:17:48","modified_gmt":"2023-10-17T18:17:48","slug":"startseite","status":"publish","type":"page","link":"https:\/\/rt210.de\/","title":{"rendered":"Startseite"},"content":{"rendered":"<div class=\"col-md-5\">\n<h3>Willkommen bei Round Table 210 Jena<\/h3>\n<p>Wir glauben daran, dass wir uns selbst und die Gesellschaft durch unseren pers\u00f6nlichen Einsatz und unsere Freundschaft positiv ver\u00e4ndern k\u00f6nnen. Ob Du unterst\u00fctzen, spenden, oder selbst mitmachen willst: Wir bieten Dir die Chance, etwas zu bewegen.\u00a0Wir sind Deine Freunde, die nur darauf warten, Dich kennenzulernen.<\/p>\n<p>Mit Deiner Unterst\u00fctzung k\u00f6nnen wir die Lage vieler Menschen verbessern.\u00a0Bei Round Table wirst Du Freunde kennenlernen und Events erleben, die Deinen Horizont erweitern.<\/p>\n<\/div>\n<div class=\"col-md-6 col-md-offset-1\"><\/div>\n","protected":false},"excerpt":{"rendered":"<p>Willkommen bei Round Table 210 Jena Wir glauben daran, dass wir uns selbst und die Gesellschaft durch unseren pers\u00f6nlichen Einsatz und unsere Freundschaft positiv ver\u00e4ndern k\u00f6nnen. Ob Du unterst\u00fctzen, spenden, oder selbst mitmachen willst: Wir bieten Dir die Chance, etwas zu bewegen.\u00a0Wir sind Deine Freunde, die nur darauf warten, Dich [&hellip;]<\/p>\n","protected":false},"author":5,"featured_media":56,"parent":0,"menu_order":0,"comment_status":"closed","ping_status":"closed","template":"","meta":{"footnotes":""},"class_list":["post-18","page","type-page","status-publish","has-post-thumbnail","hentry"],"_links":{"self":[{"href":"https:\/\/rt210.de\/index.php?rest_route=\/wp\/v2\/pages\/18","targetHints":{"allow":["GET"]}}],"collection":[{"href":"https:\/\/rt210.de\/index.php?rest_route=\/wp\/v2\/pages"}],"about":[{"href":"https:\/\/rt210.de\/index.php?rest_route=\/wp\/v2\/types\/page"}],"author":[{"embeddable":true,"href":"https:\/\/rt210.de\/index.php?rest_route=\/wp\/v2\/users\/5"}],"replies":[{"embeddable":true,"href":"https:\/\/rt210.de\/index.php?rest_route=%2Fwp%2Fv2%2Fcomments&post=18"}],"version-history":[{"count":2,"href":"https:\/\/rt210.de\/index.php?rest_route=\/wp\/v2\/pages\/18\/revisions"}],"predecessor-version":[{"id":107,"href":"https:\/\/rt210.de\/index.php?rest_route=\/wp\/v2\/pages\/18\/revisions\/107"}],"wp:featuredmedia":[{"embeddable":true,"href":"https:\/\/rt210.de\/index.php?rest_route=\/wp\/v2\/media\/56"}],"wp:attachment":[{"href":"https:\/\/rt210.de\/index.php?rest_route=%2Fwp%2Fv2%2Fmedia&parent=18"}],"curies":[{"name":"wp","href":"https:\/\/api.w.org\/{rel}","templated":true}]}}