{"id":140,"date":"2019-12-01T17:53:02","date_gmt":"2019-12-01T16:53:02","guid":{"rendered":"https:\/\/rt210.de\/?page_id=140"},"modified":"2024-03-25T14:41:17","modified_gmt":"2024-03-25T13:41:17","slug":"impressum","status":"publish","type":"page","link":"https:\/\/rt210.de\/?page_id=140","title":{"rendered":"Impressum"},"content":{"rendered":"<div class=\"entry-content\" itemprop=\"text\">\n<p><strong>Verantwortlich i.S. des TDG:<\/strong><br \/>\nFreunde von Round Table Jena e.V.<br \/>\nvertreten durch den<br \/>\n1. Vorsitzenden Benjamin Majonek und<br \/>\n2. Vorsitzenden Marko Herrmann<br \/>\nVereinsregister Amtsgericht Jena \u2013 VR 231018<\/p>\n<p><strong>Ansprechpartner\/Administrator:<\/strong><br \/>\nBenjamin Majonek<br \/>\nE-Mail: <a href=\"mailto:benjamin.majonek@rt210.de\">benjamin.majonek@rt210.de<\/a><\/p>\n<p><strong>Bankverbindung:<\/strong><br \/>\nFreunde von Round Table Jena e.V. (Gemeinn\u00fctziger Verein)<br \/>\nMerkur Bank<br \/>\nIBAN:\u00a0DE20701308000006624227<br \/>\nBIC: GENODEF1M06<\/p>\n<p><strong>Links zu anderen Webseiten:<\/strong><br \/>\nF\u00fcr den Inhalt und die Einhaltung des Datenschutzes der verlinkten<br \/>\nSeiten sind ausschlie\u00dflich deren Webseiten-Betreiber verantwortlich.<\/p>\n<p><strong>Urheberrechtshinweis:<\/strong><br \/>\nAlle Inhalte dieser Homepage sind urheberrechtlich gesch\u00fctzt. Eine<br \/>\nWeiterverwendung von Daten, Texten und Bildern durch Dritte darf nur<br \/>\nnach ausdr\u00fccklicher Genehmigung durch den Betreiber dieser Homepage<br \/>\nerfolgen. Ausgenommen davon ist die nichtkommerzielle private Nutzung<br \/>\nund die Nutzung f\u00fcr nichtkommerzielle Lehrzwecke.<\/p>\n<p><strong>Verwendete Icons:<\/strong><br \/>\nIcons made by <a href=\"http:\/\/www.freepik.com\">Freepik<\/a> from <a href=\"https:\/\/www.flaticon.com\/\">www.flaticon.com<\/a> is licensed by <a href=\"http:\/\/creativecommons.org\/licenses\/by\/3.0\/\" target=\"_blank\" rel=\"noreferrer noopener\">CC 3.0 BY<\/a><br \/>\nIcons made by <a href=\"https:\/\/www.flaticon.com\/authors\/dave-gandy\">Dave Gandy<\/a> from <a href=\"https:\/\/www.flaticon.com\/\">www.flaticon.com<\/a> is licensed by <a href=\"http:\/\/creativecommons.org\/licenses\/by\/3.0\/\" target=\"_blank\" rel=\"noreferrer noopener\">CC 3.0 BY<\/a><br \/>\nIcons made by <a href=\"https:\/\/www.flaticon.com\/authors\/simpleicon\">SimpleIcon<\/a> from <a href=\"https:\/\/www.flaticon.com\/\">www.flaticon.com<\/a> is licensed by <a href=\"http:\/\/creativecommons.org\/licenses\/by\/3.0\/\" target=\"_blank\" rel=\"noreferrer noopener\">CC 3.0 BY<\/a><\/p>\n<p><strong>Haftungsausschluss:<\/strong><\/p>\n<p><strong>1. Inhalt des Onlineangebotes<\/strong><br \/>\nDie Administratoren \u00fcbernehmen keinerlei Gew\u00e4hr f\u00fcr die Aktualit\u00e4t,<br \/>\nKorrektheit, Vollst\u00e4ndigkeit oder Qualit\u00e4t der bereitgestellten<br \/>\nInformationen. Haftungsanspr\u00fcche gegen die Administratoren, die sich auf<br \/>\nSch\u00e4den materieller oder ideeller Art beziehen, welche durch die<br \/>\nNutzung oder Nichtnutzung der dargebotenen Informationen bzw. durch die<br \/>\nNutzung fehlerhafter und unvollst\u00e4ndiger Informationen verursacht<br \/>\nwurden, sind grunds\u00e4tzlich ausgeschlossen, sofern seitens der<br \/>\nAdministratoren kein nachweislich vors\u00e4tzliches oder grob fahrl\u00e4ssiges<br \/>\nVerschulden vorliegt.<\/p>\n<p>Alle Angebote sind freibleibend und unverbindlich. Die<br \/>\nAdministratoren behalten es sich ausdr\u00fccklich vor, Teile der Seiten oder<br \/>\ndas gesamte Angebot ohne gesonderte Ank\u00fcndigung zu ver\u00e4ndern, zu<br \/>\nerg\u00e4nzen, zu l\u00f6schen oder die Ver\u00f6ffentlichung zeitweise oder endg\u00fcltig<br \/>\neinzustellen.<\/p>\n<p><strong>2. Verweise und Links<\/strong><br \/>\nBei direkten oder indirekten Verweisen auf fremde Webseiten<br \/>\n(\u201eHyperlinks\u201c), die au\u00dferhalb des Verantwortungsbereiches der<br \/>\nAdministratoren liegen, w\u00fcrde eine Haftungsverpflichtung ausschlie\u00dflich<br \/>\nin dem Fall in Kraft treten, in dem die Administratoren von den Inhalten<br \/>\nKenntnis haben und es ihnen technisch m\u00f6glich und zumutbar w\u00e4re, die<br \/>\nNutzung im Falle rechtswidriger Inhalte zu verhindern.<\/p>\n<p>Die Administratoren erkl\u00e4ren hiermit ausdr\u00fccklich, dass zum Zeitpunkt<br \/>\nder Linksetzung keine illegalen Inhalte auf den zu verlinkenden Seiten<br \/>\nerkennbar waren. Auf die aktuelle und zuk\u00fcnftige Gestaltung, die Inhalte<br \/>\noder die Urheberschaft der verlinkten\/verkn\u00fcpften Seiten haben die<br \/>\nAdministratoren keinerlei Einfluss. Deshalb distanziert diese sich<br \/>\nhiermit ausdr\u00fccklich von allen Inhalten aller verlinkten\/verkn\u00fcpften<br \/>\nSeiten, die nach der Linksetzung ver\u00e4ndert wurden. Diese Feststellung<br \/>\ngilt f\u00fcr alle innerhalb des eigenen Internetangebotes gesetzten Links<br \/>\nund Verweise sowie f\u00fcr Fremdeintr\u00e4ge in von den Administratoren<br \/>\neingerichteten Diskussionsforen, Linkverzeichnissen, Mailinglisten und<br \/>\nin allen anderen Formen von Datenbanken, auf deren Inhalt externe<br \/>\nSchreibzugriffe m\u00f6glich sind. F\u00fcr illegale, fehlerhafte oder<br \/>\nunvollst\u00e4ndige Inhalte und insbesondere f\u00fcr Sch\u00e4den, die aus der Nutzung<br \/>\noder Nichtnutzung solcherart dargebotener Informationen entstehen,<br \/>\nhaftet allein der Anbieter der Seite, auf welche verwiesen wurde, nicht<br \/>\nderjenige, der \u00fcber Links auf die jeweilige Ver\u00f6ffentlichung lediglich<br \/>\nverweist.<\/p>\n<p><strong>3. Urheber- und Kennzeichenrecht<\/strong><br \/>\nDie Administratoren sind bestrebt, in allen Publikationen die<br \/>\nUrheberrechte der verwendeten Bilder, Grafiken und Texte zu beachten,<br \/>\nvon ihnen selbst erstellte Bilder, Grafiken und Texte zu nutzen oder auf<br \/>\nlizenzfreie Bilder, Grafiken und Texte zur\u00fcckzugreifen.<\/p>\n<p>Alle innerhalb des Internetangebotes genannten und ggf. durch Dritte<br \/>\ngesch\u00fctzten Marken- und Warenzeichen unterliegen uneingeschr\u00e4nkt den<br \/>\nBestimmungen des jeweils g\u00fcltigen Kennzeichenrechts und den<br \/>\nBesitzrechten der jeweiligen eingetragenen Eigent\u00fcmer. Allein aufgrund<br \/>\nder blo\u00dfen Nennung ist nicht der Schluss zu ziehen, dass Markenzeichen<br \/>\nnicht durch Rechte Dritter gesch\u00fctzt sind!<\/p>\n<p>Das Copyright f\u00fcr ver\u00f6ffentlichte, von den Administratoren selbst<br \/>\nerstellte Objekte bleibt allein bei den Administratoren der Seiten. Eine<br \/>\nVervielf\u00e4ltigung oder Verwendung solcher Bilder, Grafiken und Texte in<br \/>\nanderen elektronischen oder gedruckten Publikationen ist ohne<br \/>\nausdr\u00fcckliche Zustimmung der Administratoren nicht gestattet.<\/p>\n<p><strong>4. Datenschutz<\/strong><br \/>\nSofern innerhalb des Internetangebotes die M\u00f6glichkeit zur Eingabe<br \/>\npers\u00f6nlicher oder gesch\u00e4ftlicher Daten (Emailadressen, Namen,<br \/>\nAnschriften) besteht, so erfolgt die Preisgabe dieser Daten seitens des<br \/>\nNutzers auf ausdr\u00fccklich freiwilliger Basis. Die Inanspruchnahme aller<br \/>\nangebotenen Dienste ist \u2013 soweit technisch m\u00f6glich und zumutbar \u2013 auch<br \/>\nohne Angabe solcher Daten bzw. unter Angabe anonymisierter Daten oder<br \/>\neines Pseudonyms gestattet. Die Nutzung der im Rahmen des Impressums<br \/>\noder vergleichbarer Angaben ver\u00f6ffentlichten Kontaktdaten wie<br \/>\nPostanschriften, Telefon- und Faxnummern sowie Emailadressen durch<br \/>\nDritte zur \u00dcbersendung von nicht ausdr\u00fccklich angeforderten<br \/>\nInformationen ist nicht gestattet. Rechtliche Schritte gegen die<br \/>\nVersender von sogenannten Spam-Mails bei Verst\u00f6ssen gegen dieses Verbot<br \/>\nsind ausdr\u00fccklich vorbehalten.<\/p>\n<p><strong>5. Rechtswirksamkeit dieses Haftungsausschlusses<\/strong><br \/>\nDieser Haftungsausschluss ist als Teil des Internetangebotes zu<br \/>\nbetrachten, von dem aus auf diese Seite verwiesen wurde. Sofern Teile<br \/>\noder einzelne Formulierungen dieses Textes der geltenden Rechtslage<br \/>\nnicht, nicht mehr oder nicht vollst\u00e4ndig entsprechen sollten, bleiben<br \/>\ndie \u00fcbrigen Teile des Dokumentes in ihrem Inhalt und ihrer G\u00fcltigkeit<br \/>\ndavon unber\u00fchrt.<\/p>\n<\/div>\n","protected":false},"excerpt":{"rendered":"<p>Verantwortlich i.S. des TDG: Freunde von Round Table Jena e.V. vertreten durch den 1. Vorsitzenden Benjamin Majonek und 2. Vorsitzenden Marko Herrmann Vereinsregister Amtsgericht Jena \u2013 VR 231018 Ansprechpartner\/Administrator: Benjamin Majonek E-Mail: benjamin.majonek@rt210.de Bankverbindung: Freunde von Round Table Jena e.V. (Gemeinn\u00fctziger Verein) Merkur Bank IBAN:\u00a0DE20701308000006624227 BIC: GENODEF1M06 Links zu anderen [&hellip;]<\/p>\n","protected":false},"author":2,"featured_media":0,"parent":0,"menu_order":0,"comment_status":"closed","ping_status":"closed","template":"","meta":{"footnotes":""},"class_list":["post-140","page","type-page","status-publish","hentry"],"_links":{"self":[{"href":"https:\/\/rt210.de\/index.php?rest_route=\/wp\/v2\/pages\/140","targetHints":{"allow":["GET"]}}],"collection":[{"href":"https:\/\/rt210.de\/index.php?rest_route=\/wp\/v2\/pages"}],"about":[{"href":"https:\/\/rt210.de\/index.php?rest_route=\/wp\/v2\/types\/page"}],"author":[{"embeddable":true,"href":"https:\/\/rt210.de\/index.php?rest_route=\/wp\/v2\/users\/2"}],"replies":[{"embeddable":true,"href":"https:\/\/rt210.de\/index.php?rest_route=%2Fwp%2Fv2%2Fcomments&post=140"}],"version-history":[{"count":2,"href":"https:\/\/rt210.de\/index.php?rest_route=\/wp\/v2\/pages\/140\/revisions"}],"predecessor-version":[{"id":287,"href":"https:\/\/rt210.de\/index.php?rest_route=\/wp\/v2\/pages\/140\/revisions\/287"}],"wp:attachment":[{"href":"https:\/\/rt210.de\/index.php?rest_route=%2Fwp%2Fv2%2Fmedia&parent=140"}],"curies":[{"name":"wp","href":"https:\/\/api.w.org\/{rel}","templated":true}]}}